{"id":16109,"date":"2024-06-27T15:20:18","date_gmt":"2024-06-27T15:20:18","guid":{"rendered":"https:\/\/teuta.evolvestudio.de\/product\/sheqer-brown-mini-qese\/"},"modified":"2024-06-27T15:20:18","modified_gmt":"2024-06-27T15:20:18","slug":"sheqer-brown-mini-qese","status":"publish","type":"product","link":"https:\/\/www.teutadurres.com\/en\/product\/sheqer-brown-mini-qese\/","title":{"rendered":"Sheqer Brown Mini Qese"},"content":{"rendered":"","protected":false},"excerpt":{"rendered":"<p><span data-sheets-root=\"1\" data-sheets-value=\"{&quot;1&quot;:2,&quot;2&quot;:&quot;Sheqeri Kaf Mini Qese Teuta.\\nNxirret nga ekstrakti natyral 1 kallamit t\u00eb sheqerit, i cili p\u00ebrmban shum\u00eb m\u00eb tep\u00ebr vlera ushqyese. \\nKy lloj sheqeri ka ngjyr\u00eb kafe p\u00ebr shkak t\u00eb p\u00ebrmbajtjes s\u00eb lart\u00eb t\u00eb melas\u00ebs 6.5%, e cila i jep shije t\u00eb ve\u00e7ant\u00eb dhe veti gatuese. \\nMelasa \u00ebsht\u00eb nj\u00eb l\u00ebng i trash\u00eb me ngjyr\u00eb kafe t\u00eb err\u00ebt, q\u00eb ndihmon n\u00eb prodhimin e sheqerit, pas kristalizimit t\u00eb tij. \\nSheqeri p\u00ebrmban edhe gjurm\u00eb mineralesh dhe vitaminash tep\u00ebr t\u00eb r\u00ebnd\u00ebsishme p\u00ebr organizmin. \\nProdukt cil\u00ebsor dhe i duhuri p\u00ebr \u00ebmb\u00eblsirat tuaja t\u00eb preferuara.&quot;}\" data-sheets-userformat=\"{&quot;2&quot;:15083,&quot;3&quot;:{&quot;1&quot;:0},&quot;4&quot;:{&quot;1&quot;:2,&quot;2&quot;:14279411},&quot;6&quot;:{&quot;1&quot;:[{&quot;1&quot;:2,&quot;2&quot;:0,&quot;5&quot;:{&quot;1&quot;:2,&quot;2&quot;:0}},{&quot;1&quot;:0,&quot;2&quot;:0,&quot;3&quot;:3},{&quot;1&quot;:1,&quot;2&quot;:0,&quot;4&quot;:1}]},&quot;8&quot;:{&quot;1&quot;:[{&quot;1&quot;:2,&quot;2&quot;:0,&quot;5&quot;:{&quot;1&quot;:2,&quot;2&quot;:0}},{&quot;1&quot;:0,&quot;2&quot;:0,&quot;3&quot;:3},{&quot;1&quot;:1,&quot;2&quot;:0,&quot;4&quot;:1}]},&quot;9&quot;:0,&quot;10&quot;:1,&quot;12&quot;:0,&quot;14&quot;:{&quot;1&quot;:2,&quot;2&quot;:0},&quot;15&quot;:&quot;Calibri, sans-serif&quot;,&quot;16&quot;:11}\">Sheqeri Kaf Mini Qese Teuta.<br \/>\nNxirret nga ekstrakti natyral 1 kallamit t\u00eb sheqerit, i cili p\u00ebrmban shum\u00eb m\u00eb tep\u00ebr vlera ushqyese.<br \/>\nKy lloj sheqeri ka ngjyr\u00eb kafe p\u00ebr shkak t\u00eb p\u00ebrmbajtjes s\u00eb lart\u00eb t\u00eb melas\u00ebs 6.5%, e cila i jep shije t\u00eb ve\u00e7ant\u00eb dhe veti gatuese.<br \/>\nMelasa \u00ebsht\u00eb nj\u00eb l\u00ebng i trash\u00eb me ngjyr\u00eb kafe t\u00eb err\u00ebt, q\u00eb ndihmon n\u00eb prodhimin e sheqerit, pas kristalizimit t\u00eb tij.<br \/>\nSheqeri p\u00ebrmban edhe gjurm\u00eb mineralesh dhe vitaminash tep\u00ebr t\u00eb r\u00ebnd\u00ebsishme p\u00ebr organizmin.<br \/>\nProdukt cil\u00ebsor dhe i duhuri p\u00ebr \u00ebmb\u00eblsirat tuaja t\u00eb preferuara.<\/span><\/p>\n","protected":false},"featured_media":15918,"template":"","meta":[],"product_cat":[193,196],"product_tag":[],"class_list":{"0":"post-16109","1":"product","2":"type-product","3":"status-publish","4":"has-post-thumbnail","6":"product_cat-sugar","7":"product_cat-teuta-en","8":"product_brand-teuta-en","10":"first","11":"instock","12":"shipping-taxable","13":"product-type-simple"},"acf":[],"yoast_head":"<!-- This site is optimized with the Yoast SEO plugin v23.5 - https:\/\/yoast.com\/wordpress\/plugins\/seo\/ -->\n<title>Sheqer Brown Mini Qese - Teuta<\/title>\n<meta name=\"robots\" content=\"index, follow, max-snippet:-1, max-image-preview:large, max-video-preview:-1\" \/>\n<link rel=\"canonical\" href=\"https:\/\/www.teutadurres.com\/en\/product\/sheqer-brown-mini-qese\/\" \/>\n<meta property=\"og:locale\" content=\"en_US\" \/>\n<meta property=\"og:type\" content=\"article\" \/>\n<meta property=\"og:title\" content=\"Sheqer Brown Mini Qese - Teuta\" \/>\n<meta property=\"og:description\" content=\"Sheqeri Kaf Mini Qese Teuta. Nxirret nga ekstrakti natyral 1 kallamit t\u00eb sheqerit, i cili p\u00ebrmban shum\u00eb m\u00eb tep\u00ebr vlera ushqyese. Ky lloj sheqeri ka ngjyr\u00eb kafe p\u00ebr shkak t\u00eb p\u00ebrmbajtjes s\u00eb lart\u00eb t\u00eb melas\u00ebs 6.5%, e cila i jep shije t\u00eb ve\u00e7ant\u00eb dhe veti gatuese. Melasa \u00ebsht\u00eb nj\u00eb l\u00ebng i trash\u00eb me ngjyr\u00eb kafe t\u00eb err\u00ebt, q\u00eb ndihmon n\u00eb prodhimin e sheqerit, pas kristalizimit t\u00eb tij. Sheqeri p\u00ebrmban edhe gjurm\u00eb mineralesh dhe vitaminash tep\u00ebr t\u00eb r\u00ebnd\u00ebsishme p\u00ebr organizmin. Produkt cil\u00ebsor dhe i duhuri p\u00ebr \u00ebmb\u00eblsirat tuaja t\u00eb preferuara.\" \/>\n<meta property=\"og:url\" content=\"https:\/\/www.teutadurres.com\/en\/product\/sheqer-brown-mini-qese\/\" \/>\n<meta property=\"og:site_name\" content=\"Teuta\" \/>\n<meta property=\"og:image\" content=\"https:\/\/www.teutadurres.com\/wp-content\/uploads\/2024\/06\/shqer.png\" \/>\n\t<meta property=\"og:image:width\" content=\"500\" \/>\n\t<meta property=\"og:image:height\" content=\"718\" \/>\n\t<meta property=\"og:image:type\" content=\"image\/png\" \/>\n<meta name=\"twitter:card\" content=\"summary_large_image\" \/>\n<script type=\"application\/ld+json\" class=\"yoast-schema-graph\">{\"@context\":\"https:\/\/schema.org\",\"@graph\":[{\"@type\":\"WebPage\",\"@id\":\"https:\/\/www.teutadurres.com\/en\/product\/sheqer-brown-mini-qese\/\",\"url\":\"https:\/\/www.teutadurres.com\/en\/product\/sheqer-brown-mini-qese\/\",\"name\":\"Sheqer Brown Mini Qese - Teuta\",\"isPartOf\":{\"@id\":\"https:\/\/www.teutadurres.com\/#website\"},\"primaryImageOfPage\":{\"@id\":\"https:\/\/www.teutadurres.com\/en\/product\/sheqer-brown-mini-qese\/#primaryimage\"},\"image\":{\"@id\":\"https:\/\/www.teutadurres.com\/en\/product\/sheqer-brown-mini-qese\/#primaryimage\"},\"thumbnailUrl\":\"https:\/\/www.teutadurres.com\/wp-content\/uploads\/2024\/06\/shqer.png\",\"datePublished\":\"2024-06-27T15:20:18+00:00\",\"dateModified\":\"2024-06-27T15:20:18+00:00\",\"breadcrumb\":{\"@id\":\"https:\/\/www.teutadurres.com\/en\/product\/sheqer-brown-mini-qese\/#breadcrumb\"},\"inLanguage\":\"en-US\",\"potentialAction\":[{\"@type\":\"ReadAction\",\"target\":[\"https:\/\/www.teutadurres.com\/en\/product\/sheqer-brown-mini-qese\/\"]}]},{\"@type\":\"ImageObject\",\"inLanguage\":\"en-US\",\"@id\":\"https:\/\/www.teutadurres.com\/en\/product\/sheqer-brown-mini-qese\/#primaryimage\",\"url\":\"https:\/\/www.teutadurres.com\/wp-content\/uploads\/2024\/06\/shqer.png\",\"contentUrl\":\"https:\/\/www.teutadurres.com\/wp-content\/uploads\/2024\/06\/shqer.png\",\"width\":500,\"height\":718},{\"@type\":\"BreadcrumbList\",\"@id\":\"https:\/\/www.teutadurres.com\/en\/product\/sheqer-brown-mini-qese\/#breadcrumb\",\"itemListElement\":[{\"@type\":\"ListItem\",\"position\":1,\"name\":\"Home\",\"item\":\"https:\/\/www.teutadurres.com\/\"},{\"@type\":\"ListItem\",\"position\":2,\"name\":\"Shop\",\"item\":\"https:\/\/www.teutadurres.com\/shop\/\"},{\"@type\":\"ListItem\",\"position\":3,\"name\":\"Sheqer Brown Mini Qese\"}]},{\"@type\":\"WebSite\",\"@id\":\"https:\/\/www.teutadurres.com\/#website\",\"url\":\"https:\/\/www.teutadurres.com\/\",\"name\":\"Teuta\",\"description\":\"\",\"potentialAction\":[{\"@type\":\"SearchAction\",\"target\":{\"@type\":\"EntryPoint\",\"urlTemplate\":\"https:\/\/www.teutadurres.com\/?s={search_term_string}\"},\"query-input\":{\"@type\":\"PropertyValueSpecification\",\"valueRequired\":true,\"valueName\":\"search_term_string\"}}],\"inLanguage\":\"en-US\"}]}<\/script>\n<!-- \/ Yoast SEO plugin. -->","yoast_head_json":{"title":"Sheqer Brown Mini Qese - Teuta","robots":{"index":"index","follow":"follow","max-snippet":"max-snippet:-1","max-image-preview":"max-image-preview:large","max-video-preview":"max-video-preview:-1"},"canonical":"https:\/\/www.teutadurres.com\/en\/product\/sheqer-brown-mini-qese\/","og_locale":"en_US","og_type":"article","og_title":"Sheqer Brown Mini Qese - Teuta","og_description":"Sheqeri Kaf Mini Qese Teuta. Nxirret nga ekstrakti natyral 1 kallamit t\u00eb sheqerit, i cili p\u00ebrmban shum\u00eb m\u00eb tep\u00ebr vlera ushqyese. Ky lloj sheqeri ka ngjyr\u00eb kafe p\u00ebr shkak t\u00eb p\u00ebrmbajtjes s\u00eb lart\u00eb t\u00eb melas\u00ebs 6.5%, e cila i jep shije t\u00eb ve\u00e7ant\u00eb dhe veti gatuese. Melasa \u00ebsht\u00eb nj\u00eb l\u00ebng i trash\u00eb me ngjyr\u00eb kafe t\u00eb err\u00ebt, q\u00eb ndihmon n\u00eb prodhimin e sheqerit, pas kristalizimit t\u00eb tij. Sheqeri p\u00ebrmban edhe gjurm\u00eb mineralesh dhe vitaminash tep\u00ebr t\u00eb r\u00ebnd\u00ebsishme p\u00ebr organizmin. Produkt cil\u00ebsor dhe i duhuri p\u00ebr \u00ebmb\u00eblsirat tuaja t\u00eb preferuara.","og_url":"https:\/\/www.teutadurres.com\/en\/product\/sheqer-brown-mini-qese\/","og_site_name":"Teuta","og_image":[{"width":500,"height":718,"url":"https:\/\/www.teutadurres.com\/wp-content\/uploads\/2024\/06\/shqer.png","type":"image\/png"}],"twitter_card":"summary_large_image","schema":{"@context":"https:\/\/schema.org","@graph":[{"@type":"WebPage","@id":"https:\/\/www.teutadurres.com\/en\/product\/sheqer-brown-mini-qese\/","url":"https:\/\/www.teutadurres.com\/en\/product\/sheqer-brown-mini-qese\/","name":"Sheqer Brown Mini Qese - Teuta","isPartOf":{"@id":"https:\/\/www.teutadurres.com\/#website"},"primaryImageOfPage":{"@id":"https:\/\/www.teutadurres.com\/en\/product\/sheqer-brown-mini-qese\/#primaryimage"},"image":{"@id":"https:\/\/www.teutadurres.com\/en\/product\/sheqer-brown-mini-qese\/#primaryimage"},"thumbnailUrl":"https:\/\/www.teutadurres.com\/wp-content\/uploads\/2024\/06\/shqer.png","datePublished":"2024-06-27T15:20:18+00:00","dateModified":"2024-06-27T15:20:18+00:00","breadcrumb":{"@id":"https:\/\/www.teutadurres.com\/en\/product\/sheqer-brown-mini-qese\/#breadcrumb"},"inLanguage":"en-US","potentialAction":[{"@type":"ReadAction","target":["https:\/\/www.teutadurres.com\/en\/product\/sheqer-brown-mini-qese\/"]}]},{"@type":"ImageObject","inLanguage":"en-US","@id":"https:\/\/www.teutadurres.com\/en\/product\/sheqer-brown-mini-qese\/#primaryimage","url":"https:\/\/www.teutadurres.com\/wp-content\/uploads\/2024\/06\/shqer.png","contentUrl":"https:\/\/www.teutadurres.com\/wp-content\/uploads\/2024\/06\/shqer.png","width":500,"height":718},{"@type":"BreadcrumbList","@id":"https:\/\/www.teutadurres.com\/en\/product\/sheqer-brown-mini-qese\/#breadcrumb","itemListElement":[{"@type":"ListItem","position":1,"name":"Home","item":"https:\/\/www.teutadurres.com\/"},{"@type":"ListItem","position":2,"name":"Shop","item":"https:\/\/www.teutadurres.com\/shop\/"},{"@type":"ListItem","position":3,"name":"Sheqer Brown Mini Qese"}]},{"@type":"WebSite","@id":"https:\/\/www.teutadurres.com\/#website","url":"https:\/\/www.teutadurres.com\/","name":"Teuta","description":"","potentialAction":[{"@type":"SearchAction","target":{"@type":"EntryPoint","urlTemplate":"https:\/\/www.teutadurres.com\/?s={search_term_string}"},"query-input":{"@type":"PropertyValueSpecification","valueRequired":true,"valueName":"search_term_string"}}],"inLanguage":"en-US"}]}},"_links":{"self":[{"href":"https:\/\/www.teutadurres.com\/en\/wp-json\/wp\/v2\/product\/16109","targetHints":{"allow":["GET"]}}],"collection":[{"href":"https:\/\/www.teutadurres.com\/en\/wp-json\/wp\/v2\/product"}],"about":[{"href":"https:\/\/www.teutadurres.com\/en\/wp-json\/wp\/v2\/types\/product"}],"wp:featuredmedia":[{"embeddable":true,"href":"https:\/\/www.teutadurres.com\/en\/wp-json\/wp\/v2\/media\/15918"}],"wp:attachment":[{"href":"https:\/\/www.teutadurres.com\/en\/wp-json\/wp\/v2\/media?parent=16109"}],"wp:term":[{"taxonomy":"product_cat","embeddable":true,"href":"https:\/\/www.teutadurres.com\/en\/wp-json\/wp\/v2\/product_cat?post=16109"},{"taxonomy":"product_tag","embeddable":true,"href":"https:\/\/www.teutadurres.com\/en\/wp-json\/wp\/v2\/product_tag?post=16109"}],"curies":[{"name":"wp","href":"https:\/\/api.w.org\/{rel}","templated":true}]}}